{"id":813,"date":"2023-10-30T14:26:48","date_gmt":"2023-10-30T11:26:48","guid":{"rendered":"https:\/\/dilektekstil.com.tr\/?page_id=813"},"modified":"2023-11-17T21:50:46","modified_gmt":"2023-11-17T18:50:46","slug":"surdurulebilirlik","status":"publish","type":"page","link":"https:\/\/dilektekstil.com.tr\/en\/surdurulebilirlik\/","title":{"rendered":"Sustainability"},"content":{"rendered":"<div data-elementor-type=\"wp-page\" data-elementor-id=\"813\" class=\"elementor elementor-813\" data-elementor-post-type=\"page\">\n\t\t\t\t\t\t\t\t\t<section class=\"elementor-section elementor-top-section elementor-element elementor-element-3cb65d0c elementor-section-full_width elementor-section-height-min-height elementor-section-height-default elementor-section-items-middle\" data-id=\"3cb65d0c\" data-element_type=\"section\" data-settings=\"{&quot;background_background&quot;:&quot;classic&quot;}\">\n\t\t\t\t\t\t<div class=\"elementor-container elementor-column-gap-default\">\n\t\t\t\t\t<div class=\"elementor-column elementor-col-100 elementor-top-column elementor-element elementor-element-2cdb0850\" data-id=\"2cdb0850\" data-element_type=\"column\">\n\t\t\t<div class=\"elementor-widget-wrap elementor-element-populated\">\n\t\t\t\t\t\t\t\t<div class=\"elementor-element elementor-element-77609eb7 elementor-widget elementor-widget-heading\" data-id=\"77609eb7\" data-element_type=\"widget\" data-widget_type=\"heading.default\">\n\t\t\t\t<div class=\"elementor-widget-container\">\n\t\t\t<style>\/*! elementor - v3.17.0 - 08-11-2023 *\/\n.elementor-heading-title{padding:0;margin:0;line-height:1}.elementor-widget-heading .elementor-heading-title[class*=elementor-size-]>a{color:inherit;font-size:inherit;line-height:inherit}.elementor-widget-heading .elementor-heading-title.elementor-size-small{font-size:15px}.elementor-widget-heading .elementor-heading-title.elementor-size-medium{font-size:19px}.elementor-widget-heading .elementor-heading-title.elementor-size-large{font-size:29px}.elementor-widget-heading .elementor-heading-title.elementor-size-xl{font-size:39px}.elementor-widget-heading .elementor-heading-title.elementor-size-xxl{font-size:59px}<\/style><h2 class=\"elementor-heading-title elementor-size-default\">SUSTAINABILITY<\/h2>\t\t<\/div>\n\t\t\t\t<\/div>\n\t\t\t\t\t<\/div>\n\t\t<\/div>\n\t\t\t\t\t\t\t<\/div>\n\t\t<\/section>\n\t\t\t\t<section class=\"elementor-section elementor-top-section elementor-element elementor-element-284d1038 elementor-section-boxed elementor-section-height-default elementor-section-height-default\" data-id=\"284d1038\" data-element_type=\"section\" data-settings=\"{&quot;background_background&quot;:&quot;classic&quot;}\">\n\t\t\t\t\t\t<div class=\"elementor-container elementor-column-gap-default\">\n\t\t\t\t\t<div class=\"elementor-column elementor-col-100 elementor-top-column elementor-element elementor-element-6073cab7\" data-id=\"6073cab7\" data-element_type=\"column\">\n\t\t\t<div class=\"elementor-widget-wrap elementor-element-populated\">\n\t\t\t\t\t\t\t\t<div class=\"elementor-element elementor-element-378a7f80 elementor-invisible elementor-widget elementor-widget-heading\" data-id=\"378a7f80\" data-element_type=\"widget\" data-settings=\"{&quot;_animation&quot;:&quot;fadeInUp&quot;,&quot;_animation_delay&quot;:200}\" data-widget_type=\"heading.default\">\n\t\t\t\t<div class=\"elementor-widget-container\">\n\t\t\t<h2 class=\"elementor-heading-title elementor-size-default\">Responsibility for the Future<\/h2>\t\t<\/div>\n\t\t\t\t<\/div>\n\t\t\t\t<div class=\"elementor-element elementor-element-41056464 elementor-invisible elementor-widget elementor-widget-text-editor\" data-id=\"41056464\" data-element_type=\"widget\" data-settings=\"{&quot;_animation&quot;:&quot;fadeInUp&quot;,&quot;_animation_delay&quot;:400}\" data-widget_type=\"text-editor.default\">\n\t\t\t\t<div class=\"elementor-widget-container\">\n\t\t\t<style>\/*! elementor - v3.17.0 - 08-11-2023 *\/\n.elementor-widget-text-editor.elementor-drop-cap-view-stacked .elementor-drop-cap{background-color:#69727d;color:#fff}.elementor-widget-text-editor.elementor-drop-cap-view-framed .elementor-drop-cap{color:#69727d;border:3px solid;background-color:transparent}.elementor-widget-text-editor:not(.elementor-drop-cap-view-default) .elementor-drop-cap{margin-top:8px}.elementor-widget-text-editor:not(.elementor-drop-cap-view-default) .elementor-drop-cap-letter{width:1em;height:1em}.elementor-widget-text-editor .elementor-drop-cap{float:left;text-align:center;line-height:1;font-size:50px}.elementor-widget-text-editor .elementor-drop-cap-letter{display:inline-block}<\/style>\t\t\t\t<p>With the responsibility of leaving a livable world to future generations, Dilek Tekstil adopts environmentally friendly approaches in every step from production processes to business culture. It attaches particular importance to energy efficiency, waste management and recycling in order to minimise its environmental impact. It works to minimise energy consumption with its modern production facility infrastructure.<\/p><p>It shapes the considerable item product in its product range with sustainability principles. By preferring recyclable materials, it uses resources more effectively and contributes to the protection of the environment.<\/p><p>Dilek Tekstil has adopted sustainability not only as a business principle but also as a lifestyle. Dilek Tekstil, which continues to work with the aim of creating a greener and more sustainable world, endeavours to leave a positive mark for future generations.<\/p>\t\t\t\t\t\t<\/div>\n\t\t\t\t<\/div>\n\t\t\t\t\t<\/div>\n\t\t<\/div>\n\t\t\t\t\t\t\t<\/div>\n\t\t<\/section>\n\t\t<div class=\"elementor-element elementor-element-aa11f33 e-flex e-con-boxed e-con e-parent\" data-id=\"aa11f33\" data-element_type=\"container\" data-settings=\"{&quot;content_width&quot;:&quot;boxed&quot;}\" data-core-v316-plus=\"true\">\n\t\t\t\t\t<div class=\"e-con-inner\">\n\t\t\t\t<div class=\"elementor-element elementor-element-b3c59c3 elementor-invisible elementor-widget elementor-widget-image\" data-id=\"b3c59c3\" data-element_type=\"widget\" data-settings=\"{&quot;_animation&quot;:&quot;fadeInUp&quot;}\" data-widget_type=\"image.default\">\n\t\t\t\t<div class=\"elementor-widget-container\">\n\t\t\t<style>\/*! elementor - v3.17.0 - 08-11-2023 *\/\n.elementor-widget-image{text-align:center}.elementor-widget-image a{display:inline-block}.elementor-widget-image a img[src$=\".svg\"]{width:48px}.elementor-widget-image img{vertical-align:middle;display:inline-block}<\/style>\t\t\t\t\t\t\t\t\t\t\t\t<img fetchpriority=\"high\" decoding=\"async\" width=\"768\" height=\"854\" src=\"https:\/\/dilektekstil.com.tr\/wp-content\/uploads\/2023\/12\/sustainable-dilek-tekstil-web.png\" class=\"attachment-medium_large size-medium_large wp-image-1741\" alt=\"\" srcset=\"https:\/\/dilektekstil.com.tr\/wp-content\/uploads\/2023\/12\/sustainable-dilek-tekstil-web.png 897w, https:\/\/dilektekstil.com.tr\/wp-content\/uploads\/2023\/12\/sustainable-dilek-tekstil-web-270x300.png 270w, https:\/\/dilektekstil.com.tr\/wp-content\/uploads\/2023\/12\/sustainable-dilek-tekstil-web-768x854.png 768w, https:\/\/dilektekstil.com.tr\/wp-content\/uploads\/2023\/12\/sustainable-dilek-tekstil-web-11x12.png 11w\" sizes=\"(max-width: 768px) 100vw, 768px\" \/>\t\t\t\t\t\t\t\t\t\t\t\t\t\t\t<\/div>\n\t\t\t\t<\/div>\n\t\t\t\t\t<\/div>\n\t\t\t\t<\/div>\n\t\t<div class=\"elementor-element elementor-element-04791e1 e-flex e-con-boxed e-con e-parent\" data-id=\"04791e1\" data-element_type=\"container\" data-settings=\"{&quot;content_width&quot;:&quot;boxed&quot;}\" data-core-v316-plus=\"true\">\n\t\t\t\t\t<div class=\"e-con-inner\">\n\t\t\t\t\t<\/div>\n\t\t\t\t<\/div>\n\t\t<div class=\"elementor-element elementor-element-6616fdd e-flex e-con-boxed e-con e-parent\" data-id=\"6616fdd\" data-element_type=\"container\" data-settings=\"{&quot;content_width&quot;:&quot;boxed&quot;}\" data-core-v316-plus=\"true\">\n\t\t\t\t\t<div class=\"e-con-inner\">\n\t\t\t\t<div class=\"elementor-element elementor-element-12c902a elementor-invisible elementor-widget elementor-widget-heading\" data-id=\"12c902a\" data-element_type=\"widget\" data-settings=\"{&quot;_animation&quot;:&quot;fadeInLeft&quot;}\" data-widget_type=\"heading.default\">\n\t\t\t\t<div class=\"elementor-widget-container\">\n\t\t\t<h2 class=\"elementor-heading-title elementor-size-default\">Efficient Use of Energy and Renewable Energy<\/h2>\t\t<\/div>\n\t\t\t\t<\/div>\n\t\t\t\t\t<\/div>\n\t\t\t\t<\/div>\n\t\t<div class=\"elementor-element elementor-element-8856eeb e-flex e-con-boxed e-con e-parent\" data-id=\"8856eeb\" data-element_type=\"container\" data-settings=\"{&quot;content_width&quot;:&quot;boxed&quot;}\" data-core-v316-plus=\"true\">\n\t\t\t\t\t<div class=\"e-con-inner\">\n\t\t\t\t<div class=\"elementor-element elementor-element-55a7ab6 elementor-invisible elementor-widget elementor-widget-text-editor\" data-id=\"55a7ab6\" data-element_type=\"widget\" data-settings=\"{&quot;_animation&quot;:&quot;fadeInLeft&quot;}\" data-widget_type=\"text-editor.default\">\n\t\t\t\t<div class=\"elementor-widget-container\">\n\t\t\t\t\t\t\t<p>We Shed Light on Sustainable Future! \n\nThe efficient use of energy and the importance of renewable energy sources constitute one of the cornerstones of our business. Because we know that using energy wisely is part of our responsibility to our future and our environment.<\/p><p><br \/><strong>Efficient Use of Energy<\/strong><\/p><p>In order to use energy effectively and efficiently in our production facilities, we optimise our machines equipped with advanced technologies to save energy. By monitoring energy consumption, we minimise unnecessary waste of resources and contribute to energy efficiency.<\/p><p><strong><br \/>Investment in Renewable Energy<\/strong><\/p><p>We invest in renewable energy sources to enlighten the future. We endeavour to supply our facilities with sustainable sources such as solar energy and wind energy. In this way, we increase our energy security while minimising the environmental impact of our energy production.<\/p><p>Energy management is not only a duty for Dilek Tekstil, but also a responsibility to leave a better world to future generations. With the efficient use of energy and our commitment to renewable energy, we are proud to carry our business to a sustainable future.<br \/><br \/><\/p><h2 style=\"color: #ab182d;\">Production Waste Management<\/h2><p>We transform textile and production wastes resulting from our production activities into reusable textile raw materials through recycling companies in order to protect our environment and natural resources and reduce their harmful effects on nature. While shaping the future of the textile industry, we move forward with our mission to create a greener tomorrow with the power of recycling.<br \/><br \/><\/p><h2 style=\"color: #ab182d;\">Environmental Management<\/h2><p>Within the framework of its sustainability approach, Dilek Tekstil attaches importance to the planned and controlled use of water resources, which are critical for the continuity of the environment and human life.<\/p><p>Dilek Tekstil adopts proactive approaches in water management in order to save on water use and recycle waste water, which is necessary for the uninterrupted continuation of its services. In order to use water efficiently, it implements environmentally friendly practices such as smart irrigation systems, photocell batteries, grey water systems, rainwater collection units and evaluates solutions proposed for global sustainability in new projects. In addition, it aims to reduce water consum<\/p>\t\t\t\t\t\t<\/div>\n\t\t\t\t<\/div>\n\t\t\t\t\t<\/div>\n\t\t\t\t<\/div>\n\t\t<div class=\"elementor-element elementor-element-4b7de7c e-flex e-con-boxed e-con e-parent\" data-id=\"4b7de7c\" data-element_type=\"container\" data-settings=\"{&quot;content_width&quot;:&quot;boxed&quot;}\" data-core-v316-plus=\"true\">\n\t\t\t\t\t<div class=\"e-con-inner\">\n\t\t\t\t<div class=\"elementor-element elementor-element-ccba3e6 elementor-widget elementor-widget-spacer\" data-id=\"ccba3e6\" data-element_type=\"widget\" data-widget_type=\"spacer.default\">\n\t\t\t\t<div class=\"elementor-widget-container\">\n\t\t\t<style>\/*! elementor - v3.17.0 - 08-11-2023 *\/\n.elementor-column .elementor-spacer-inner{height:var(--spacer-size)}.e-con{--container-widget-width:100%}.e-con-inner>.elementor-widget-spacer,.e-con>.elementor-widget-spacer{width:var(--container-widget-width,var(--spacer-size));--align-self:var(--container-widget-align-self,initial);--flex-shrink:0}.e-con-inner>.elementor-widget-spacer>.elementor-widget-container,.e-con>.elementor-widget-spacer>.elementor-widget-container{height:100%;width:100%}.e-con-inner>.elementor-widget-spacer>.elementor-widget-container>.elementor-spacer,.e-con>.elementor-widget-spacer>.elementor-widget-container>.elementor-spacer{height:100%}.e-con-inner>.elementor-widget-spacer>.elementor-widget-container>.elementor-spacer>.elementor-spacer-inner,.e-con>.elementor-widget-spacer>.elementor-widget-container>.elementor-spacer>.elementor-spacer-inner{height:var(--container-widget-height,var(--spacer-size))}.e-con-inner>.elementor-widget-spacer.elementor-widget-empty,.e-con>.elementor-widget-spacer.elementor-widget-empty{position:relative;min-height:22px;min-width:22px}.e-con-inner>.elementor-widget-spacer.elementor-widget-empty .elementor-widget-empty-icon,.e-con>.elementor-widget-spacer.elementor-widget-empty .elementor-widget-empty-icon{position:absolute;top:0;bottom:0;left:0;right:0;margin:auto;padding:0;width:22px;height:22px}<\/style>\t\t<div class=\"elementor-spacer\">\n\t\t\t<div class=\"elementor-spacer-inner\"><\/div>\n\t\t<\/div>\n\t\t\t\t<\/div>\n\t\t\t\t<\/div>\n\t\t\t\t\t<\/div>\n\t\t\t\t<\/div>\n\t\t<div class=\"elementor-element elementor-element-d02bdba e-flex e-con-boxed e-con e-parent\" data-id=\"d02bdba\" data-element_type=\"container\" data-settings=\"{&quot;content_width&quot;:&quot;boxed&quot;}\" data-core-v316-plus=\"true\">\n\t\t\t\t\t<div class=\"e-con-inner\">\n\t\t\t\t<div class=\"elementor-element elementor-element-600708c elementor-widget elementor-widget-image\" data-id=\"600708c\" data-element_type=\"widget\" data-widget_type=\"image.default\">\n\t\t\t\t<div class=\"elementor-widget-container\">\n\t\t\t\t\t\t\t\t\t\t\t\t\t\t\t<img decoding=\"async\" src=\"https:\/\/dilektekstil.com.tr\/wp-content\/uploads\/elementor\/thumbs\/dilek-tekstil-icon-logo-revize-qen16t8ktmfjdd7ojhbv6gwaexb5p73prwq829cffa.png\" title=\"dilek-tekstil-icon-logo-revize\" alt=\"dilek-tekstil-icon-logo-revize\" loading=\"lazy\" \/>\t\t\t\t\t\t\t\t\t\t\t\t\t\t\t<\/div>\n\t\t\t\t<\/div>\n\t\t\t\t\t<\/div>\n\t\t\t\t<\/div>\n\t\t\t\t\t\t\t<\/div>","protected":false},"excerpt":{"rendered":"<p>S\u00dcRD\u00dcR\u00dcLEB\u0130L\u0130RL\u0130K Gelece\u011fe Ta\u015f\u0131yan Sorumluluk Dilek Tekstil gelecek nesillere ya\u015fanabilir bir d\u00fcnya b\u0131rakman\u0131n sorumlulu\u011fu ile, \u00fcretim s\u00fcre\u00e7lerinden i\u015f k\u00fclt\u00fcr\u00fcne kadar her ad\u0131mda \u00e7evre dostu yakla\u015f\u0131mlar\u0131 benimsemektedir. \u00c7evresel etkisini minimize etmek amac\u0131yla enerji verimlili\u011fi, at\u0131k y\u00f6netimi ve geri d\u00f6n\u00fc\u015f\u00fcm konular\u0131na \u00f6zellikle \u00f6nem vermektedir. Modern \u00fcretim tesisi alt yap\u0131s\u0131 ile enerji t\u00fcketimini minimuma indirmek i\u00e7in \u00e7al\u0131\u015fmaktad\u0131r. \u00dcr\u00fcn yelpazesinde [&hellip;]<\/p>","protected":false},"author":1,"featured_media":0,"parent":0,"menu_order":0,"comment_status":"closed","ping_status":"closed","template":"","meta":{"footnotes":""},"class_list":["post-813","page","type-page","status-publish","hentry"],"_links":{"self":[{"href":"https:\/\/dilektekstil.com.tr\/en\/wp-json\/wp\/v2\/pages\/813","targetHints":{"allow":["GET"]}}],"collection":[{"href":"https:\/\/dilektekstil.com.tr\/en\/wp-json\/wp\/v2\/pages"}],"about":[{"href":"https:\/\/dilektekstil.com.tr\/en\/wp-json\/wp\/v2\/types\/page"}],"author":[{"embeddable":true,"href":"https:\/\/dilektekstil.com.tr\/en\/wp-json\/wp\/v2\/users\/1"}],"replies":[{"embeddable":true,"href":"https:\/\/dilektekstil.com.tr\/en\/wp-json\/wp\/v2\/comments?post=813"}],"version-history":[{"count":34,"href":"https:\/\/dilektekstil.com.tr\/en\/wp-json\/wp\/v2\/pages\/813\/revisions"}],"predecessor-version":[{"id":1992,"href":"https:\/\/dilektekstil.com.tr\/en\/wp-json\/wp\/v2\/pages\/813\/revisions\/1992"}],"wp:attachment":[{"href":"https:\/\/dilektekstil.com.tr\/en\/wp-json\/wp\/v2\/media?parent=813"}],"curies":[{"name":"wp","href":"https:\/\/api.w.org\/{rel}","templated":true}]}}