{"id":800,"date":"2023-10-30T13:14:57","date_gmt":"2023-10-30T10:14:57","guid":{"rendered":"https:\/\/dilektekstil.com.tr\/?page_id=800"},"modified":"2023-12-01T22:18:14","modified_gmt":"2023-12-01T19:18:14","slug":"sosyal-sorumluluk","status":"publish","type":"page","link":"https:\/\/dilektekstil.com.tr\/en\/sosyal-sorumluluk\/","title":{"rendered":"Social Responsibility"},"content":{"rendered":"<div data-elementor-type=\"wp-page\" data-elementor-id=\"800\" class=\"elementor elementor-800\" data-elementor-post-type=\"page\">\n\t\t\t\t\t\t\t\t\t<section class=\"elementor-section elementor-top-section elementor-element elementor-element-5bdda8c1 elementor-section-full_width elementor-section-height-min-height elementor-section-height-default elementor-section-items-middle\" data-id=\"5bdda8c1\" data-element_type=\"section\" data-settings=\"{&quot;background_background&quot;:&quot;classic&quot;}\">\n\t\t\t\t\t\t\t<div class=\"elementor-background-overlay\"><\/div>\n\t\t\t\t\t\t\t<div class=\"elementor-container elementor-column-gap-default\">\n\t\t\t\t\t<div class=\"elementor-column elementor-col-100 elementor-top-column elementor-element elementor-element-70d82ce2\" data-id=\"70d82ce2\" data-element_type=\"column\">\n\t\t\t<div class=\"elementor-widget-wrap elementor-element-populated\">\n\t\t\t\t\t\t\t\t<div class=\"elementor-element elementor-element-7ebb8da elementor-widget elementor-widget-heading\" data-id=\"7ebb8da\" data-element_type=\"widget\" data-widget_type=\"heading.default\">\n\t\t\t\t<div class=\"elementor-widget-container\">\n\t\t\t<style>\/*! elementor - v3.17.0 - 08-11-2023 *\/\n.elementor-heading-title{padding:0;margin:0;line-height:1}.elementor-widget-heading .elementor-heading-title[class*=elementor-size-]>a{color:inherit;font-size:inherit;line-height:inherit}.elementor-widget-heading .elementor-heading-title.elementor-size-small{font-size:15px}.elementor-widget-heading .elementor-heading-title.elementor-size-medium{font-size:19px}.elementor-widget-heading .elementor-heading-title.elementor-size-large{font-size:29px}.elementor-widget-heading .elementor-heading-title.elementor-size-xl{font-size:39px}.elementor-widget-heading .elementor-heading-title.elementor-size-xxl{font-size:59px}<\/style><h2 class=\"elementor-heading-title elementor-size-default\">Corporate Social Responsibility<\/h2>\t\t<\/div>\n\t\t\t\t<\/div>\n\t\t\t\t\t<\/div>\n\t\t<\/div>\n\t\t\t\t\t\t\t<\/div>\n\t\t<\/section>\n\t\t\t\t<section class=\"elementor-section elementor-top-section elementor-element elementor-element-1f6b0f5a elementor-section-boxed elementor-section-height-default elementor-section-height-default\" data-id=\"1f6b0f5a\" data-element_type=\"section\" data-settings=\"{&quot;background_background&quot;:&quot;classic&quot;}\">\n\t\t\t\t\t\t<div class=\"elementor-container elementor-column-gap-default\">\n\t\t\t\t\t<div class=\"elementor-column elementor-col-100 elementor-top-column elementor-element elementor-element-27dadb72\" data-id=\"27dadb72\" data-element_type=\"column\">\n\t\t\t<div class=\"elementor-widget-wrap elementor-element-populated\">\n\t\t\t\t\t\t\t\t<div class=\"elementor-element elementor-element-43c54030 elementor-invisible elementor-widget elementor-widget-text-editor\" data-id=\"43c54030\" data-element_type=\"widget\" data-settings=\"{&quot;_animation&quot;:&quot;fadeInUp&quot;,&quot;_animation_delay&quot;:400}\" data-widget_type=\"text-editor.default\">\n\t\t\t\t<div class=\"elementor-widget-container\">\n\t\t\t<style>\/*! elementor - v3.17.0 - 08-11-2023 *\/\n.elementor-widget-text-editor.elementor-drop-cap-view-stacked .elementor-drop-cap{background-color:#69727d;color:#fff}.elementor-widget-text-editor.elementor-drop-cap-view-framed .elementor-drop-cap{color:#69727d;border:3px solid;background-color:transparent}.elementor-widget-text-editor:not(.elementor-drop-cap-view-default) .elementor-drop-cap{margin-top:8px}.elementor-widget-text-editor:not(.elementor-drop-cap-view-default) .elementor-drop-cap-letter{width:1em;height:1em}.elementor-widget-text-editor .elementor-drop-cap{float:left;text-align:center;line-height:1;font-size:50px}.elementor-widget-text-editor .elementor-drop-cap-letter{display:inline-block}<\/style>\t\t\t\t<p>As a part of its core values of modesty, respect for people and closeness to the public, Dilek Tekstil accepts acting with social responsibility awareness in all its activities as one of the basic and unchangeable elements of its management approach. Within this framework, it manages its activities with a responsible understanding of economic, social and environmental impacts and keeps the development of the society on its agenda as a priority.<\/p><p>It does not limit the scope of its social responsibility understanding to business activities and their effects, but determines what is best for society and the environment.\nBelieving that a strong and modern society will exist with the upbringing of modern generations who respect universal values and contribute to the solution of social and economic problems, Dilek Tekstil attaches importance to taking part in social responsibility activities that are aimed at raising public awareness and that can have a positive impact on society.<\/p>\t\t\t\t\t\t<\/div>\n\t\t\t\t<\/div>\n\t\t\t\t\t<\/div>\n\t\t<\/div>\n\t\t\t\t\t\t\t<\/div>\n\t\t<\/section>\n\t\t<div class=\"elementor-element elementor-element-e6c2f87 e-con-full e-flex e-con e-parent\" data-id=\"e6c2f87\" data-element_type=\"container\" data-settings=\"{&quot;content_width&quot;:&quot;full&quot;,&quot;background_background&quot;:&quot;classic&quot;}\" data-core-v316-plus=\"true\">\n\t\t\t\t<div class=\"elementor-element elementor-element-13c29c9 elementor-widget elementor-widget-image\" data-id=\"13c29c9\" data-element_type=\"widget\" data-widget_type=\"image.default\">\n\t\t\t\t<div class=\"elementor-widget-container\">\n\t\t\t<style>\/*! elementor - v3.17.0 - 08-11-2023 *\/\n.elementor-widget-image{text-align:center}.elementor-widget-image a{display:inline-block}.elementor-widget-image a img[src$=\".svg\"]{width:48px}.elementor-widget-image img{vertical-align:middle;display:inline-block}<\/style>\t\t\t\t\t\t\t\t\t\t\t\t<img decoding=\"async\" src=\"https:\/\/dilektekstil.com.tr\/wp-content\/uploads\/elementor\/thumbs\/dilek-tekstil-icon-logo-revize-qen16t8ktmfjdd7ojhbv6gwaexb5p73prwq829cffa.png\" title=\"dilek-tekstil-icon-logo-revize\" alt=\"dilek-tekstil-icon-logo-revize\" loading=\"lazy\" \/>\t\t\t\t\t\t\t\t\t\t\t\t\t\t\t<\/div>\n\t\t\t\t<\/div>\n\t\t\t\t<\/div>\n\t\t\t\t\t\t\t<\/div>","protected":false},"excerpt":{"rendered":"<p>SOSYAL SORUMLULUK Dilek Tekstil; sahip oldu\u011fu tevazu, insana sayg\u0131 ve halka yak\u0131nl\u0131k \u00f6z de\u011ferlerinin bir par\u00e7as\u0131 olarak t\u00fcm faaliyetlerinde sosyal sorumluluk bilinciyle hareket etmeyi y\u00f6netim anlay\u0131\u015f\u0131n\u0131n temel ve de\u011fi\u015fmez unsurlar\u0131ndan biri olarak kabul eder. Bu \u00e7er\u00e7evede faaliyetlerini ekonomik, sosyal ve \u00e7evresel etkilerini sorumluluk anlay\u0131\u015f\u0131 i\u00e7inde y\u00f6netir ve toplumu geli\u015ftirmeyi \u00f6ncelikli olarak g\u00fcndemlerinde tutar. Sosyal sorumluluk [&hellip;]<\/p>","protected":false},"author":1,"featured_media":0,"parent":0,"menu_order":0,"comment_status":"closed","ping_status":"closed","template":"","meta":{"footnotes":""},"class_list":["post-800","page","type-page","status-publish","hentry"],"_links":{"self":[{"href":"https:\/\/dilektekstil.com.tr\/en\/wp-json\/wp\/v2\/pages\/800","targetHints":{"allow":["GET"]}}],"collection":[{"href":"https:\/\/dilektekstil.com.tr\/en\/wp-json\/wp\/v2\/pages"}],"about":[{"href":"https:\/\/dilektekstil.com.tr\/en\/wp-json\/wp\/v2\/types\/page"}],"author":[{"embeddable":true,"href":"https:\/\/dilektekstil.com.tr\/en\/wp-json\/wp\/v2\/users\/1"}],"replies":[{"embeddable":true,"href":"https:\/\/dilektekstil.com.tr\/en\/wp-json\/wp\/v2\/comments?post=800"}],"version-history":[{"count":46,"href":"https:\/\/dilektekstil.com.tr\/en\/wp-json\/wp\/v2\/pages\/800\/revisions"}],"predecessor-version":[{"id":2035,"href":"https:\/\/dilektekstil.com.tr\/en\/wp-json\/wp\/v2\/pages\/800\/revisions\/2035"}],"wp:attachment":[{"href":"https:\/\/dilektekstil.com.tr\/en\/wp-json\/wp\/v2\/media?parent=800"}],"curies":[{"name":"wp","href":"https:\/\/api.w.org\/{rel}","templated":true}]}}