{"id":2210,"date":"2024-06-13T13:05:21","date_gmt":"2024-06-13T10:05:21","guid":{"rendered":"https:\/\/dilektekstil.com.tr\/?page_id=2210"},"modified":"2024-06-13T13:21:36","modified_gmt":"2024-06-13T10:21:36","slug":"fsc-politikasi","status":"publish","type":"page","link":"https:\/\/dilektekstil.com.tr\/en\/fsc-politikasi\/","title":{"rendered":"FSC Politikas\u0131"},"content":{"rendered":"<div data-elementor-type=\"wp-page\" data-elementor-id=\"2210\" class=\"elementor elementor-2210\" data-elementor-post-type=\"page\">\n\t\t\t\t\t\t\t\t\t<section class=\"elementor-section elementor-top-section elementor-element elementor-element-5bdda8c1 elementor-section-full_width elementor-section-height-min-height elementor-section-height-default elementor-section-items-middle\" data-id=\"5bdda8c1\" data-element_type=\"section\" data-settings=\"{&quot;background_background&quot;:&quot;classic&quot;}\">\n\t\t\t\t\t\t\t<div class=\"elementor-background-overlay\"><\/div>\n\t\t\t\t\t\t\t<div class=\"elementor-container elementor-column-gap-default\">\n\t\t\t\t\t<div class=\"elementor-column elementor-col-100 elementor-top-column elementor-element elementor-element-70d82ce2\" data-id=\"70d82ce2\" data-element_type=\"column\">\n\t\t\t<div class=\"elementor-widget-wrap elementor-element-populated\">\n\t\t\t\t\t\t\t\t<div class=\"elementor-element elementor-element-7ebb8da elementor-widget elementor-widget-heading\" data-id=\"7ebb8da\" data-element_type=\"widget\" data-widget_type=\"heading.default\">\n\t\t\t\t<div class=\"elementor-widget-container\">\n\t\t\t<style>\/*! elementor - v3.17.0 - 08-11-2023 *\/\n.elementor-heading-title{padding:0;margin:0;line-height:1}.elementor-widget-heading .elementor-heading-title[class*=elementor-size-]>a{color:inherit;font-size:inherit;line-height:inherit}.elementor-widget-heading .elementor-heading-title.elementor-size-small{font-size:15px}.elementor-widget-heading .elementor-heading-title.elementor-size-medium{font-size:19px}.elementor-widget-heading .elementor-heading-title.elementor-size-large{font-size:29px}.elementor-widget-heading .elementor-heading-title.elementor-size-xl{font-size:39px}.elementor-widget-heading .elementor-heading-title.elementor-size-xxl{font-size:59px}<\/style><h2 class=\"elementor-heading-title elementor-size-default\">FSC \u00ae POL\u0130T\u0130KASI<\/h2>\t\t<\/div>\n\t\t\t\t<\/div>\n\t\t\t\t\t<\/div>\n\t\t<\/div>\n\t\t\t\t\t\t\t<\/div>\n\t\t<\/section>\n\t\t\t\t<section class=\"elementor-section elementor-top-section elementor-element elementor-element-1f6b0f5a elementor-section-boxed elementor-section-height-default elementor-section-height-default\" data-id=\"1f6b0f5a\" data-element_type=\"section\" data-settings=\"{&quot;background_background&quot;:&quot;classic&quot;}\">\n\t\t\t\t\t\t<div class=\"elementor-container elementor-column-gap-default\">\n\t\t\t\t\t<div class=\"elementor-column elementor-col-100 elementor-top-column elementor-element elementor-element-27dadb72\" data-id=\"27dadb72\" data-element_type=\"column\">\n\t\t\t<div class=\"elementor-widget-wrap elementor-element-populated\">\n\t\t\t\t\t\t\t\t<div class=\"elementor-element elementor-element-43c54030 elementor-invisible elementor-widget elementor-widget-text-editor\" data-id=\"43c54030\" data-element_type=\"widget\" data-settings=\"{&quot;_animation&quot;:&quot;fadeInUp&quot;,&quot;_animation_delay&quot;:400}\" data-widget_type=\"text-editor.default\">\n\t\t\t\t<div class=\"elementor-widget-container\">\n\t\t\t<style>\/*! elementor - v3.17.0 - 08-11-2023 *\/\n.elementor-widget-text-editor.elementor-drop-cap-view-stacked .elementor-drop-cap{background-color:#69727d;color:#fff}.elementor-widget-text-editor.elementor-drop-cap-view-framed .elementor-drop-cap{color:#69727d;border:3px solid;background-color:transparent}.elementor-widget-text-editor:not(.elementor-drop-cap-view-default) .elementor-drop-cap{margin-top:8px}.elementor-widget-text-editor:not(.elementor-drop-cap-view-default) .elementor-drop-cap-letter{width:1em;height:1em}.elementor-widget-text-editor .elementor-drop-cap{float:left;text-align:center;line-height:1;font-size:50px}.elementor-widget-text-editor .elementor-drop-cap-letter{display:inline-block}<\/style>\t\t\t\t<p>\u015eirketimiz, uygulad\u0131\u011f\u0131 FSC-COC sistemine g\u00f6re;<\/p><p>&#8211; Yasad\u0131\u015f\u0131 a\u011fa\u00e7 kesimi, yasad\u0131\u015f\u0131 a\u011fa\u00e7 veya orman \u00fcr\u00fcnleri ticaretine;<br \/>&#8211; Ormanc\u0131l\u0131k faaliyetleri s\u0131ras\u0131nda b\u00f6lgesel kurallar\u0131n ve insan haklar\u0131n\u0131n ihlaline;<br \/>&#8211; Ormanc\u0131l\u0131k faaliyetleri s\u0131ras\u0131nda \u00e7evre koruma de\u011ferlerinin tahribat\u0131na;<br \/>&#8211; Ormanlar\u0131n orman d\u0131\u015f\u0131 kullan\u0131m\u0131 veya plantasyonuna;<br \/>&#8211; Ormanc\u0131l\u0131k faaliyetleri s\u0131ras\u0131nda geneti\u011fi de\u011fi\u015ftirilmi\u015f organizmalar\u0131 piyasaya s\u00fcrmeye;<br \/>&#8211; ILO kurallar\u0131n\u0131n ihlaline<\/p><p>Do\u011frudan veya dolayl\u0131 olarak dahil olmamaktad\u0131r.<\/p>\t\t\t\t\t\t<\/div>\n\t\t\t\t<\/div>\n\t\t\t\t\t<\/div>\n\t\t<\/div>\n\t\t\t\t\t\t\t<\/div>\n\t\t<\/section>\n\t\t<div class=\"elementor-element elementor-element-e6c2f87 e-con-full e-flex e-con e-parent\" data-id=\"e6c2f87\" data-element_type=\"container\" data-settings=\"{&quot;content_width&quot;:&quot;full&quot;,&quot;background_background&quot;:&quot;classic&quot;}\" data-core-v316-plus=\"true\">\n\t\t\t\t<div class=\"elementor-element elementor-element-13c29c9 elementor-widget elementor-widget-image\" data-id=\"13c29c9\" data-element_type=\"widget\" data-widget_type=\"image.default\">\n\t\t\t\t<div class=\"elementor-widget-container\">\n\t\t\t<style>\/*! elementor - v3.17.0 - 08-11-2023 *\/\n.elementor-widget-image{text-align:center}.elementor-widget-image a{display:inline-block}.elementor-widget-image a img[src$=\".svg\"]{width:48px}.elementor-widget-image img{vertical-align:middle;display:inline-block}<\/style>\t\t\t\t\t\t\t\t\t\t\t\t<img decoding=\"async\" src=\"https:\/\/dilektekstil.com.tr\/wp-content\/uploads\/elementor\/thumbs\/dilek-tekstil-icon-logo-revize-qen16t8ktmfjdd7ojhbv6gwaexb5p73prwq829cffa.png\" title=\"dilek-tekstil-icon-logo-revize\" alt=\"dilek-tekstil-icon-logo-revize\" loading=\"lazy\" \/>\t\t\t\t\t\t\t\t\t\t\t\t\t\t\t<\/div>\n\t\t\t\t<\/div>\n\t\t\t\t<\/div>\n\t\t\t\t\t\t\t<\/div>","protected":false},"excerpt":{"rendered":"<p>FSC \u00ae POL\u0130T\u0130KASI \u015eirketimiz, uygulad\u0131\u011f\u0131 FSC-COC sistemine g\u00f6re; &#8211; Yasad\u0131\u015f\u0131 a\u011fa\u00e7 kesimi, yasad\u0131\u015f\u0131 a\u011fa\u00e7 veya orman \u00fcr\u00fcnleri ticaretine;&#8211; Ormanc\u0131l\u0131k faaliyetleri s\u0131ras\u0131nda b\u00f6lgesel kurallar\u0131n ve insan haklar\u0131n\u0131n ihlaline;&#8211; Ormanc\u0131l\u0131k faaliyetleri s\u0131ras\u0131nda \u00e7evre koruma de\u011ferlerinin tahribat\u0131na;&#8211; Ormanlar\u0131n orman d\u0131\u015f\u0131 kullan\u0131m\u0131 veya plantasyonuna;&#8211; Ormanc\u0131l\u0131k faaliyetleri s\u0131ras\u0131nda geneti\u011fi de\u011fi\u015ftirilmi\u015f organizmalar\u0131 piyasaya s\u00fcrmeye;&#8211; ILO kurallar\u0131n\u0131n ihlaline Do\u011frudan veya dolayl\u0131 olarak [&hellip;]<\/p>","protected":false},"author":1,"featured_media":0,"parent":0,"menu_order":0,"comment_status":"closed","ping_status":"closed","template":"","meta":{"footnotes":""},"class_list":["post-2210","page","type-page","status-publish","hentry"],"_links":{"self":[{"href":"https:\/\/dilektekstil.com.tr\/en\/wp-json\/wp\/v2\/pages\/2210","targetHints":{"allow":["GET"]}}],"collection":[{"href":"https:\/\/dilektekstil.com.tr\/en\/wp-json\/wp\/v2\/pages"}],"about":[{"href":"https:\/\/dilektekstil.com.tr\/en\/wp-json\/wp\/v2\/types\/page"}],"author":[{"embeddable":true,"href":"https:\/\/dilektekstil.com.tr\/en\/wp-json\/wp\/v2\/users\/1"}],"replies":[{"embeddable":true,"href":"https:\/\/dilektekstil.com.tr\/en\/wp-json\/wp\/v2\/comments?post=2210"}],"version-history":[{"count":13,"href":"https:\/\/dilektekstil.com.tr\/en\/wp-json\/wp\/v2\/pages\/2210\/revisions"}],"predecessor-version":[{"id":2231,"href":"https:\/\/dilektekstil.com.tr\/en\/wp-json\/wp\/v2\/pages\/2210\/revisions\/2231"}],"wp:attachment":[{"href":"https:\/\/dilektekstil.com.tr\/en\/wp-json\/wp\/v2\/media?parent=2210"}],"curies":[{"name":"wp","href":"https:\/\/api.w.org\/{rel}","templated":true}]}}